{"id":959,"date":"2018-02-01T07:42:54","date_gmt":"2018-02-01T06:42:54","guid":{"rendered":"https:\/\/www.zootieraerzte.de\/?page_id=959"},"modified":"2019-09-21T07:26:53","modified_gmt":"2019-09-21T06:26:53","slug":"unsere-aufgaben","status":"publish","type":"page","link":"https:\/\/www.zootieraerzte.de\/?page_id=959","title":{"rendered":"Unsere Ziele."},"content":{"rendered":"<p><strong>Wof\u00fcr wir stehen.<\/strong><\/p>\n<hr \/>\n<p>Der Verband der Zootier\u00e4rzte (VZT) hat sich die Erhaltung, den Fortschritt und die Dokumentation des zootiermedizinischen Fachwissens im deutschsprachigen Raum zum Ziel gesetzt. Zentrale Bedeutung und hohen Stellenwert hat dabei der stetige interne Wissensaustausch unter den Verbandsmitgliedern, welche sich aus angestellten Zootier\u00e4rzten\/-innen sowie externen spezialisierten Tier\u00e4rzten\/-innen zusammensetzen. So soll eine optimale und dem aktuellen Stand der Wissenschaft entsprechende <a href=\"https:\/\/www.zootieraerzte.de\/?page_id=348\">tier\u00e4rztliche Betreuung<\/a> der in menschlicher Obhut befindlichen Wildtiere sichergestellt werden.<\/p>\n<p>Der VZT steht als Ansprechpartner f\u00fcr Beh\u00f6rden und Institutionen zur Verf\u00fcgung und bringt sich mit zootiermedizinischem Sachverstand bei Gesetzgebungsverfahren ein.\u00a0Ferner kooperiert der VZT mit anderen Organisationen. Er ist als die deutsche Sektion praktisch t\u00e4tiger Zootier\u00e4rzte\/-innen der <a href=\"http:\/\/www.eazwv.org\" target=\"_blank\" rel=\"noopener noreferrer\">European Association of Zoo and Wildlife Veterinarians (EAZWV)<\/a> angebunden.<\/p>\n<p><a href=\"https:\/\/www.zootieraerzte.de\/?page_id=348\">Was beinhaltet die Zootiermedizin?<\/a><\/p>\n","protected":false},"excerpt":{"rendered":"<p>Wof\u00fcr wir stehen. Der Verband der Zootier\u00e4rzte (VZT) hat sich die Erhaltung, den Fortschritt und die Dokumentation des zootiermedizinischen Fachwissens im deutschsprachigen Raum zum Ziel gesetzt. Zentrale Bedeutung und hohen Stellenwert hat dabei der stetige interne Wissensaustausch unter den Verbandsmitgliedern, welche sich aus angestellten Zootier\u00e4rzten\/-innen sowie externen spezialisierten Tier\u00e4rzten\/-innen zusammensetzen. So soll eine optimale und [&hellip;]<\/p>\n","protected":false},"author":1,"featured_media":1108,"parent":0,"menu_order":0,"comment_status":"closed","ping_status":"closed","template":"","meta":{"_acf_changed":false,"om_disable_all_campaigns":false,"_monsterinsights_skip_tracking":false,"_monsterinsights_sitenote_active":false,"_monsterinsights_sitenote_note":"","_monsterinsights_sitenote_category":0,"footnotes":""},"class_list":["post-959","page","type-page","status-publish","has-post-thumbnail","hentry"],"acf":[],"aioseo_notices":[],"_links":{"self":[{"href":"https:\/\/www.zootieraerzte.de\/index.php?rest_route=\/wp\/v2\/pages\/959","targetHints":{"allow":["GET"]}}],"collection":[{"href":"https:\/\/www.zootieraerzte.de\/index.php?rest_route=\/wp\/v2\/pages"}],"about":[{"href":"https:\/\/www.zootieraerzte.de\/index.php?rest_route=\/wp\/v2\/types\/page"}],"author":[{"embeddable":true,"href":"https:\/\/www.zootieraerzte.de\/index.php?rest_route=\/wp\/v2\/users\/1"}],"replies":[{"embeddable":true,"href":"https:\/\/www.zootieraerzte.de\/index.php?rest_route=%2Fwp%2Fv2%2Fcomments&post=959"}],"version-history":[{"count":12,"href":"https:\/\/www.zootieraerzte.de\/index.php?rest_route=\/wp\/v2\/pages\/959\/revisions"}],"predecessor-version":[{"id":1387,"href":"https:\/\/www.zootieraerzte.de\/index.php?rest_route=\/wp\/v2\/pages\/959\/revisions\/1387"}],"wp:featuredmedia":[{"embeddable":true,"href":"https:\/\/www.zootieraerzte.de\/index.php?rest_route=\/wp\/v2\/media\/1108"}],"wp:attachment":[{"href":"https:\/\/www.zootieraerzte.de\/index.php?rest_route=%2Fwp%2Fv2%2Fmedia&parent=959"}],"curies":[{"name":"wp","href":"https:\/\/api.w.org\/{rel}","templated":true}]}}