{"id":441,"date":"2017-12-22T13:40:59","date_gmt":"2017-12-22T12:40:59","guid":{"rendered":"https:\/\/www.zootieraerzte.de\/?page_id=441"},"modified":"2018-11-15T16:45:32","modified_gmt":"2018-11-15T15:45:32","slug":"impressum-2","status":"publish","type":"page","link":"https:\/\/www.zootieraerzte.de\/?page_id=441","title":{"rendered":"Impressum."},"content":{"rendered":"<p><strong>Verantwortlich f\u00fcr den Inhalt (Informationsanbieter)<\/strong><br \/>\nVerband der Zootier\u00e4rzte (VZT)<br \/>\nc\/o Zoo Office Bern<br \/>\nPostfach 23<br \/>\nCH-3097 Liebefeld-Bern<\/p>\n<p>E-Mail: <a href=\"mailto:zoo_office@bluewin.ch\">zoo_office@bluewin.ch<\/a><\/p>\n<p><strong>Vorstandsvorsitzender<span style=\"font-size: 16px;\">\u00a0<\/span><\/strong><br \/>\nDr. med. vet. Sven Hammer<br class=\"\" \/>Fachtierarzt f\u00fcr Zoo- und Wildtiere<br class=\"\" \/>Naturschutz-Tierpark G\u00f6rlitz<br class=\"\" \/>Zittauerstr. 43<br class=\"\" \/>D-02826 G\u00f6rlitz<br class=\"\" \/><\/p>\n<hr \/>\n<p><strong>Copyright<\/strong><br \/>\nDas Copyright f\u00fcr s\u00e4mtliche Inhalte dieser Website liegt beim Verband der Zootier\u00e4rzte (VZT).\u00a0Das Copyright f\u00fcr vom Informationsanbieter selbst erstellte Objekte bleibt allein beim Autor. Der Informationsanbieter gestattet das Herunterladen der selbst erstellten Objekte\u00a0auf diesen Internetseiten ausschlie\u00dflich zu privatem, nicht-kommerziellem Gebrauch, sowie f\u00fcr die Verwendung durch Zoo- und zooverwandte Organisationen und deren Mitglieder f\u00fcr die Zwecke der Umweltbildung, des Naturschutzes oder der F\u00f6rderung der Zoos. Bei Vervielf\u00e4ltigung der Inhalte ist auf die Urheber- und Eigentumsrechte des Informationsanbieters ausdr\u00fccklich hinzuweisen. Die Inhalte d\u00fcrfen nicht f\u00fcr kommerzielle oder gegen die Interessen der Zoos gerichtete Zwecke vervielf\u00e4ltigt, vorgef\u00fchrt, verbreitet oder anderweitig verwertet werden. Ein Versto\u00df gegen diese Bestimmungen verpflichtet zur sofortigen Vernichtung aller ausgedruckten oder herunter geladenen Inhalte. Die Geltendmachung weiterer Schadensersatzanspr\u00fcche behalten wir uns vor.<\/p>\n<p><strong>Disclaimer<\/strong><br \/>\nAlle Texte und Links wurden sorgf\u00e4ltig gepr\u00fcft und werden laufend aktualisiert. Wir sind bem\u00fcht, richtige und vollst\u00e4ndige Informationen auf dieser Website bereitzustellen, \u00fcbernehmen aber keinerlei Verantwortung, Garantien oder Haftung daf\u00fcr, dass die durch diese Website bereitgestellten Informationen, richtig, vollst\u00e4ndig oder aktuell sind. Wir behalten uns das Recht vor, jederzeit und ohne Vorank\u00fcndigung die Informationen auf dieser Website zu \u00e4ndern und verpflichten uns auch nicht, die enthaltenen Informationen zu aktualisieren. Alle Links zu externen Anbietern wurden zum Zeitpunkt ihrer Aufnahme auf ihre Richtigkeit \u00fcberpr\u00fcft, dennoch haften wir nicht f\u00fcr Inhalte und Verf\u00fcgbarkeit von Websites, die mittels Hyperlinks zu erreichen sind. F\u00fcr illegale, fehlerhafte oder unvollst\u00e4ndige Inhalte und insbesondere f\u00fcr Sch\u00e4den, die durch Inhalte verkn\u00fcpfter Seiten entstehen, haftet allein der Anbieter der Seite, auf welche verwiesen wurde. Dabei ist es gleichg\u00fcltig, ob der Schaden direkter, indirekter oder finanzieller Natur ist oder ein sonstiger Schaden vorliegt, der sich aus Datenverlust, Nutzungsausfall oder anderen Gr\u00fcnden aller Art ergeben k\u00f6nnte.<\/p>\n<p>&nbsp;<\/p>\n<p><a href=\"https:\/\/www.zootieraerzte.de\/?page_id=950\">Hinweise zum Datenschutz<\/a><\/p>\n","protected":false},"excerpt":{"rendered":"<p>Verantwortlich f\u00fcr den Inhalt (Informationsanbieter) Verband der Zootier\u00e4rzte (VZT) c\/o Zoo Office Bern Postfach 23 CH-3097 Liebefeld-Bern E-Mail: zoo_office@bluewin.ch Vorstandsvorsitzender\u00a0 Dr. med. vet. Sven HammerFachtierarzt f\u00fcr Zoo- und WildtiereNaturschutz-Tierpark G\u00f6rlitzZittauerstr. 43D-02826 G\u00f6rlitz Copyright Das Copyright f\u00fcr s\u00e4mtliche Inhalte dieser Website liegt beim Verband der Zootier\u00e4rzte (VZT).\u00a0Das Copyright f\u00fcr vom Informationsanbieter selbst erstellte Objekte bleibt allein [&hellip;]<\/p>\n","protected":false},"author":1,"featured_media":1113,"parent":0,"menu_order":0,"comment_status":"closed","ping_status":"closed","template":"","meta":{"_acf_changed":false,"om_disable_all_campaigns":false,"_monsterinsights_skip_tracking":false,"_monsterinsights_sitenote_active":false,"_monsterinsights_sitenote_note":"","_monsterinsights_sitenote_category":0,"footnotes":""},"class_list":["post-441","page","type-page","status-publish","has-post-thumbnail","hentry"],"acf":[],"aioseo_notices":[],"_links":{"self":[{"href":"https:\/\/www.zootieraerzte.de\/index.php?rest_route=\/wp\/v2\/pages\/441","targetHints":{"allow":["GET"]}}],"collection":[{"href":"https:\/\/www.zootieraerzte.de\/index.php?rest_route=\/wp\/v2\/pages"}],"about":[{"href":"https:\/\/www.zootieraerzte.de\/index.php?rest_route=\/wp\/v2\/types\/page"}],"author":[{"embeddable":true,"href":"https:\/\/www.zootieraerzte.de\/index.php?rest_route=\/wp\/v2\/users\/1"}],"replies":[{"embeddable":true,"href":"https:\/\/www.zootieraerzte.de\/index.php?rest_route=%2Fwp%2Fv2%2Fcomments&post=441"}],"version-history":[{"count":35,"href":"https:\/\/www.zootieraerzte.de\/index.php?rest_route=\/wp\/v2\/pages\/441\/revisions"}],"predecessor-version":[{"id":1258,"href":"https:\/\/www.zootieraerzte.de\/index.php?rest_route=\/wp\/v2\/pages\/441\/revisions\/1258"}],"wp:featuredmedia":[{"embeddable":true,"href":"https:\/\/www.zootieraerzte.de\/index.php?rest_route=\/wp\/v2\/media\/1113"}],"wp:attachment":[{"href":"https:\/\/www.zootieraerzte.de\/index.php?rest_route=%2Fwp%2Fv2%2Fmedia&parent=441"}],"curies":[{"name":"wp","href":"https:\/\/api.w.org\/{rel}","templated":true}]}}