{"id":372,"date":"2017-12-20T09:45:25","date_gmt":"2017-12-20T08:45:25","guid":{"rendered":"https:\/\/www.zootieraerzte.de\/?page_id=372"},"modified":"2019-09-10T14:26:34","modified_gmt":"2019-09-10T13:26:34","slug":"links","status":"publish","type":"page","link":"https:\/\/www.zootieraerzte.de\/?page_id=372","title":{"rendered":"Besser informieren."},"content":{"rendered":"<p><strong>Links<\/strong><\/p>\n<hr \/>\n<p><a href=\"http:\/\/www.eazwv.org\" target=\"_blank\" rel=\"noopener noreferrer\">European Association of Zoo and Wildlife Veterinarians (EAZWV)\u00a0<\/a><\/p>\n<p><a href=\"http:\/\/www.vdz-zoos.org\" target=\"_blank\" rel=\"noopener noreferrer\">Verband der zoologischen G\u00e4rten (VdZ) e.V.<\/a><\/p>\n<p><a href=\"http:\/\/www.zgap.de\" target=\"_blank\" rel=\"noopener noreferrer\">Zoologische Gesellschaft f\u00fcr Arten- und Populationsschutz e.V. (ZGAP)<\/a><\/p>\n<p><a href=\"http:\/\/www.izw-berlin.de\" target=\"_blank\" rel=\"noopener noreferrer\">Leibniz-Institut f\u00fcr Zoo- und Wildtierforschung (IZW)<\/a><\/p>\n<p><a href=\"http:\/\/www.waza.org\" target=\"_blank\" rel=\"noopener noreferrer\">World Association of Zoos and Aquariums (WAZA)<\/a><\/p>\n<p><a href=\"http:\/\/www.eaza.net\" target=\"_blank\" rel=\"noopener noreferrer\">European Association of Zoos and Aquaria (EAZA)<\/a><\/p>\n<p><a href=\"http:\/\/www.ozo.at\" target=\"_blank\" rel=\"noopener noreferrer\">\u00d6sterreichische Zoo Organisation<\/a><\/p>\n<p><a href=\"http:\/\/www.zoos.ch\" target=\"_blank\" rel=\"noopener noreferrer\">zooschweiz<\/a><\/p>\n<p><a href=\"http:\/\/www.wildgehege-verband.de\" target=\"_blank\" rel=\"noopener noreferrer\">Deutscher Wildgehegeverband e.V. (DWV)<\/a><\/p>\n<p><a href=\"http:\/\/www.deutsche-tierparkgesellschaft.de\" target=\"_blank\" rel=\"noopener noreferrer\">Deutsche Tierpark-Gesellschaft (DTG)<\/a><\/p>\n<p><a href=\"http:\/\/www.tierschutz-tvt.de\" target=\"_blank\" rel=\"noopener noreferrer\">Tier\u00e4rztliche Vereinigung f\u00fcr Tierschutz e.V. (TVT) <\/a><\/p>\n","protected":false},"excerpt":{"rendered":"<p>Links European Association of Zoo and Wildlife Veterinarians (EAZWV)\u00a0 Verband der zoologischen G\u00e4rten (VdZ) e.V. Zoologische Gesellschaft f\u00fcr Arten- und Populationsschutz e.V. (ZGAP) Leibniz-Institut f\u00fcr Zoo- und Wildtierforschung (IZW) World Association of Zoos and Aquariums (WAZA) European Association of Zoos and Aquaria (EAZA) \u00d6sterreichische Zoo Organisation zooschweiz Deutscher Wildgehegeverband e.V. (DWV) Deutsche Tierpark-Gesellschaft (DTG) Tier\u00e4rztliche [&hellip;]<\/p>\n","protected":false},"author":1,"featured_media":1114,"parent":0,"menu_order":0,"comment_status":"closed","ping_status":"closed","template":"","meta":{"_acf_changed":false,"om_disable_all_campaigns":false,"_monsterinsights_skip_tracking":false,"_monsterinsights_sitenote_active":false,"_monsterinsights_sitenote_note":"","_monsterinsights_sitenote_category":0,"footnotes":""},"class_list":["post-372","page","type-page","status-publish","has-post-thumbnail","hentry"],"acf":[],"aioseo_notices":[],"_links":{"self":[{"href":"https:\/\/www.zootieraerzte.de\/index.php?rest_route=\/wp\/v2\/pages\/372","targetHints":{"allow":["GET"]}}],"collection":[{"href":"https:\/\/www.zootieraerzte.de\/index.php?rest_route=\/wp\/v2\/pages"}],"about":[{"href":"https:\/\/www.zootieraerzte.de\/index.php?rest_route=\/wp\/v2\/types\/page"}],"author":[{"embeddable":true,"href":"https:\/\/www.zootieraerzte.de\/index.php?rest_route=\/wp\/v2\/users\/1"}],"replies":[{"embeddable":true,"href":"https:\/\/www.zootieraerzte.de\/index.php?rest_route=%2Fwp%2Fv2%2Fcomments&post=372"}],"version-history":[{"count":50,"href":"https:\/\/www.zootieraerzte.de\/index.php?rest_route=\/wp\/v2\/pages\/372\/revisions"}],"predecessor-version":[{"id":1380,"href":"https:\/\/www.zootieraerzte.de\/index.php?rest_route=\/wp\/v2\/pages\/372\/revisions\/1380"}],"wp:featuredmedia":[{"embeddable":true,"href":"https:\/\/www.zootieraerzte.de\/index.php?rest_route=\/wp\/v2\/media\/1114"}],"wp:attachment":[{"href":"https:\/\/www.zootieraerzte.de\/index.php?rest_route=%2Fwp%2Fv2%2Fmedia&parent=372"}],"curies":[{"name":"wp","href":"https:\/\/api.w.org\/{rel}","templated":true}]}}