{"id":2,"date":"2017-12-19T10:38:05","date_gmt":"2017-12-19T10:38:05","guid":{"rendered":"http:\/?page_id=2"},"modified":"2019-09-10T14:29:23","modified_gmt":"2019-09-10T13:29:23","slug":"sample-page","status":"publish","type":"page","link":"https:\/\/www.zootieraerzte.de\/?page_id=2","title":{"rendered":"Ein Verband mit Geschichte."},"content":{"rendered":"<p><strong>In der Zootiermedizin t\u00e4tig zu sein&#8230;<\/strong><\/p>\n<hr \/>\n<p>\u2026hei\u00dft ein Leben lang dazulernen. Die Gr\u00fcnde daf\u00fcr liegen in der Vielfalt von Tierarten und ihren biologischen Eigenheiten, in den medizinischen Disziplinen, die\u00a0Zootier\u00e4rzte\/-innen beherrschen m\u00fcssen und nicht zuletzt darin, dass manche Krankheiten nur sehr selten auftreten. Eine umfangreiche Ausbildung in einem zoo- und wildtierspezifischen Fach bietet bislang keine Universit\u00e4t an. Dem wachsenden Interesse folgend werden an einigen Fakult\u00e4ten mittlerweile fakultative Veranstaltungen zu Zoo- und Wildtierkrankheiten oder zum Artenschutz angeboten.<\/p>\n<p>Die Geschichte der Entstehung des Verbandes der Zootier\u00e4rzte (VZT) ist eng mit der Geschichte der Zootiermedizin selbst verkn\u00fcpft.<\/p>\n<p>Im Dezember 1981 kam der \u00fcberwiegende Teil der damals 45\u00a0in Zoologischen G\u00e4rten vertraglich oder hauptamtlich t\u00e4tigen Tier\u00e4rzte\/-innen erstmalig\u00a0zu einer Diskussionsrunde im Zoo Berlin zusammen. Dazu eingeladen hatten Zoodirektor Prof. Dr. Heinz-Georg Kl\u00f6s sowie die Zootier\u00e4rzte Dr. Reinhard G\u00f6ltenboth und Dr. Dietmar Jarofke. Die Kollegen\/-innen kamen aus der Bundesrepublik Deutschland, aber auch aus \u00d6sterreich, der Schweiz und den Niederlanden. Dies war die Geburtsstunde der \u201eArbeitstagung der Zootier\u00e4rzte des deutschsprachigen Raumes\u201c. Lediglich die Kollegen\/-innen aus der ehemaligen DDR konnten aus politischen Gr\u00fcnden bis zum Fall der Mauer nicht teilnehmen. Diese j\u00e4hrliche Tagung lebt seitdem davon, dass die Mitglieder aktiv in Form von Vortr\u00e4gen ihre Erfahrungen mitteilen und sich an Diskussionen sowie Fragestunden beteiligen. Die Teilnehmerzahl, sowie die Zahl der Fachvortr\u00e4ge und deren Qualit\u00e4t haben dabei st\u00e4ndig zugenommen. Die Arbeitstagung stellt somit ein wichtiges Podium f\u00fcr die praktisch t\u00e4tigen Zootier\u00e4rzte\/-innen dar. Organisiert wird sie von der jeweils gastgebenden zoologischen Einrichtung, welche relevante Hauptthemen vorgeben darf. Daneben stehen aber auch freie Themen auf dem Programm.<br \/>\nBei der Arbeitstagung 2016 in Krefeld wurde beschlossen, den \u201eVerband der Zootier\u00e4rzte\u201c (VZT) zu gr\u00fcnden, um den Zootier\u00e4rztinnen und Zootier\u00e4rzten der Arbeitstagung Struktur zu geben und eine gemeinsame Stimme zu verleihen. Dar\u00fcber hinaus k\u00f6nnen die gemeinsamen <a href=\"https:\/\/www.zootieraerzte.de\/?page_id=959\">Ziele<\/a> deutlich effizienter verfolgt werden. \u00dcber ein geschlossenes Internetforum f\u00fcr Mitglieder besteht die M\u00f6glichkeit, relevante Fragen gemeinsam zu diskutieren und Informationen schnell zu verbreiten.<\/p>\n<p>Wie auch die Beitr\u00e4ge des ebenfalls traditionsreichen gesamteurop\u00e4ischen zoo- und wildtiermedizinischen Kongresses, organisiert von der <a href=\"http:\/\/www.eazwv.org\" target=\"_blank\" rel=\"noopener noreferrer\">European Association of Zoo and Wildlife Veterinarians (EAZWV)<\/a> sowie dem <a href=\"http:\/\/www.izw-berlin.de\" target=\"_blank\" rel=\"noopener noreferrer\">Leibniz-Institut f\u00fcr Zoo- und Wildtierforschung Berlin (IZW)<\/a>, erscheinen die Vortr\u00e4ge der deutschsprachigen Arbeitstagung in gedruckter Form als Tagungsband. Die dort von beiden Veranstaltungen niedergelegten Ergebnisse bildeten beispielsweise die wesentliche Grundlage f\u00fcr das von einem Autorenkollektiv von Zootier\u00e4rzten\/-innen verfassten Lehrbuch der \u201eKrankheiten der Zoo- und Wildtiere\u201c (G\u00f6ltenboth, R. und Kl\u00f6s. H.-G., Hrsg., 1995, Blackwell-Wissenschafts-Verlag, Berlin; ISBN 3-8263-3019-6). Dieses stellt heute neben einer in den USA erschienenen Buchreihe das Standardwerk der Zootiermedizin im deutschsprachigen Raum dar, welches mit dem Wissenstand von 1992 jedoch unbedingt einer \u00dcberarbeitung bedarf. Diese hat sich der neu gegr\u00fcndete VZT als Ziel gesetzt und eine entsprechende Arbeitsgruppe formiert. Die von der Zootier\u00e4rzteschaft und verschiedenen Instituten getragenen und organisierten Tagungen haben somit gro\u00dfen Anteil an dem stetigen Wissenszuwachs im Fach Zoo- und Wildtiermedizin.<\/p>\n<p><a href=\"https:\/\/www.zootieraerzte.de\/?page_id=959\">Welche Ziele hat der VZT?<\/a><\/p>\n","protected":false},"excerpt":{"rendered":"<p>In der Zootiermedizin t\u00e4tig zu sein&#8230; \u2026hei\u00dft ein Leben lang dazulernen. Die Gr\u00fcnde daf\u00fcr liegen in der Vielfalt von Tierarten und ihren biologischen Eigenheiten, in den medizinischen Disziplinen, die\u00a0Zootier\u00e4rzte\/-innen beherrschen m\u00fcssen und nicht zuletzt darin, dass manche Krankheiten nur sehr selten auftreten. Eine umfangreiche Ausbildung in einem zoo- und wildtierspezifischen Fach bietet bislang keine Universit\u00e4t [&hellip;]<\/p>\n","protected":false},"author":1,"featured_media":879,"parent":26,"menu_order":0,"comment_status":"closed","ping_status":"open","template":"","meta":{"_acf_changed":false,"om_disable_all_campaigns":false,"_monsterinsights_skip_tracking":false,"_monsterinsights_sitenote_active":false,"_monsterinsights_sitenote_note":"","_monsterinsights_sitenote_category":0,"footnotes":""},"class_list":["post-2","page","type-page","status-publish","has-post-thumbnail","hentry"],"acf":[],"aioseo_notices":[],"_links":{"self":[{"href":"https:\/\/www.zootieraerzte.de\/index.php?rest_route=\/wp\/v2\/pages\/2","targetHints":{"allow":["GET"]}}],"collection":[{"href":"https:\/\/www.zootieraerzte.de\/index.php?rest_route=\/wp\/v2\/pages"}],"about":[{"href":"https:\/\/www.zootieraerzte.de\/index.php?rest_route=\/wp\/v2\/types\/page"}],"author":[{"embeddable":true,"href":"https:\/\/www.zootieraerzte.de\/index.php?rest_route=\/wp\/v2\/users\/1"}],"replies":[{"embeddable":true,"href":"https:\/\/www.zootieraerzte.de\/index.php?rest_route=%2Fwp%2Fv2%2Fcomments&post=2"}],"version-history":[{"count":49,"href":"https:\/\/www.zootieraerzte.de\/index.php?rest_route=\/wp\/v2\/pages\/2\/revisions"}],"predecessor-version":[{"id":1382,"href":"https:\/\/www.zootieraerzte.de\/index.php?rest_route=\/wp\/v2\/pages\/2\/revisions\/1382"}],"up":[{"embeddable":true,"href":"https:\/\/www.zootieraerzte.de\/index.php?rest_route=\/wp\/v2\/pages\/26"}],"wp:featuredmedia":[{"embeddable":true,"href":"https:\/\/www.zootieraerzte.de\/index.php?rest_route=\/wp\/v2\/media\/879"}],"wp:attachment":[{"href":"https:\/\/www.zootieraerzte.de\/index.php?rest_route=%2Fwp%2Fv2%2Fmedia&parent=2"}],"curies":[{"name":"wp","href":"https:\/\/api.w.org\/{rel}","templated":true}]}}