{"id":11,"date":"2017-12-19T11:02:35","date_gmt":"2017-12-19T11:02:35","guid":{"rendered":"https:\/\/www.zootieraerzte.de\/?page_id=11"},"modified":"2018-12-11T09:55:45","modified_gmt":"2018-12-11T08:55:45","slug":"zootieraerzte-fuer-tier-und-artenschutz","status":"publish","type":"page","link":"https:\/\/www.zootieraerzte.de\/?page_id=11","title":{"rendered":"Zootiermedizin f\u00fcr Tier- und Artenschutz."},"content":{"rendered":"<p><strong>Die\u00a0Zootiermedizin steht f\u00fcr aktiven Tierschutz im Alltag, sie ist zudem aber auch dem Artenschutz verpflichtet.<\/strong><\/p>\n<hr \/>\n<p>Es gibt verschiedene M\u00f6glichkeiten f\u00fcr Zoo- und Wildtier\u00e4rzte\/-innen zum Arten- und Naturschutz beizutragen. Im Allgemeinen konzentrieren sie sich auf die Vorbeugung von Krankheiten und klinische Behandlung einzelner Tiere oder Tiergruppen, die weltweit in Zoos in <em>ex situ<\/em>-Erhaltungszuchtprogrammen gehalten werden. \u00a0Es bestehen jedoch flie\u00dfende \u00dcberg\u00e4nge zu den Aufgaben von Wildtier\u00e4rzten\/-innen, die sich mit der Gesundheit von Wildtierpopulationen <em>in situ<\/em>, d. h. im nat\u00fcrlichen Verbreitungsgebiet, befassen. Sie arbeiten meistens f\u00fcr staatliche Einrichtungen oder Nichtregierungsorganisationen (sogenannte NGOs) im Naturschutz.<\/p>\n<p>Zoo- und Wildtier\u00e4rzte\/-innen tragen zur Erhaltung gef\u00e4hrdeter Tierarten bei, indem sie ihr spezifisches veterin\u00e4rmedizinisches Fachwissen in den Mittelpunkt des Natur- und Artenschutzes stellen. Die Unterst\u00fctzung anderer Akteure im Naturschutz und die Schulung lokaler Tier\u00e4rzte geh\u00f6ren ebenso dazu wie konkrete Hilfe bei klinischen Eingriffen und Behandlungen, welche spezifischer An\u00e4sthesie-, Diagnostik- und Operationstechniken bed\u00fcrfen. Ein weiterer wichtiger Aspekt ist die Sammlung von Daten und Proben, die in Studien \u00fcber das Krankheitsrisiko diverser Wildtierarten einflie\u00dfen und so die M\u00f6glichkeiten zur Erfassung, Identifizierung und ad\u00e4quaten Behandlung von Krankheitsausbr\u00fcchen verbessern k\u00f6nnen. Davon profitieren nicht nur die besonders gef\u00e4hrdeten Arten, sondern auch andere Wildtiere, Nutz- und Haustiere sowie deren Halter. Infekti\u00f6s und nicht infekti\u00f6s bedingte Erkrankungen bei Wildtieren sind sowohl f\u00fcr Schutzbem\u00fchungen gef\u00e4hrdeter Tierarten als auch f\u00fcr die Gesundheit der menschlichen Bev\u00f6lkerung von gro\u00dfer Bedeutung.<\/p>\n<p>Grundlage des fachlich fundierten Beitrags der Zoo- und Wildtier\u00e4rzte\/-innen zum Natur- und Artenschutz sind in der Regel langj\u00e4hrige praktische Erfahrungen und eine zunehmende Anzahl spezifischer Fachpublikationen. Dies alles ist notwendig, um Schutzbem\u00fchungen auf lange Sicht nachhaltig durchzuf\u00fchren.<\/p>\n<p>In der Gesellschaft stehen sich oftmals reine Artensch\u00fctzer, welche sich um den Erhalt von Tierpopulationen oder ganzer Arten bem\u00fchen und Tiersch\u00fctzer, f\u00fcr die das Tierindividuum stets Vorrang hat, gegen\u00fcber. Zootier\u00e4rzte\/-innen versuchen in ihrem beruflichen Alltag beiden Bereichen gleicherma\u00dfen gerecht zu werden. So sind sie um das Wohlergehen jedes Tieres bem\u00fcht, m\u00fcssen im Einzelfall jedoch unter Umst\u00e4nden die Interessen des Tierindividuums gegen\u00fcber den langfristigen Zielen einer nachhaltig erfolgreichen Erhaltungszucht oder auch dem Schutz einer Population im Freiland nach intensiver Abw\u00e4gung zur\u00fcckstellen. Entscheidungen in diesem Zusammenhang werden niemals leichtfertig, sondern \u00a0stets f\u00fcr den Einzelfall und konform mit geltendem Recht getroffen.<\/p>\n","protected":false},"excerpt":{"rendered":"<p>Die\u00a0Zootiermedizin steht f\u00fcr aktiven Tierschutz im Alltag, sie ist zudem aber auch dem Artenschutz verpflichtet. Es gibt verschiedene M\u00f6glichkeiten f\u00fcr Zoo- und Wildtier\u00e4rzte\/-innen zum Arten- und Naturschutz beizutragen. Im Allgemeinen konzentrieren sie sich auf die Vorbeugung von Krankheiten und klinische Behandlung einzelner Tiere oder Tiergruppen, die weltweit in Zoos in ex situ-Erhaltungszuchtprogrammen gehalten werden. \u00a0Es [&hellip;]<\/p>\n","protected":false},"author":1,"featured_media":878,"parent":26,"menu_order":0,"comment_status":"closed","ping_status":"closed","template":"","meta":{"_acf_changed":false,"om_disable_all_campaigns":false,"_monsterinsights_skip_tracking":false,"_monsterinsights_sitenote_active":false,"_monsterinsights_sitenote_note":"","_monsterinsights_sitenote_category":0,"footnotes":""},"class_list":["post-11","page","type-page","status-publish","has-post-thumbnail","hentry"],"acf":[],"aioseo_notices":[],"_links":{"self":[{"href":"https:\/\/www.zootieraerzte.de\/index.php?rest_route=\/wp\/v2\/pages\/11","targetHints":{"allow":["GET"]}}],"collection":[{"href":"https:\/\/www.zootieraerzte.de\/index.php?rest_route=\/wp\/v2\/pages"}],"about":[{"href":"https:\/\/www.zootieraerzte.de\/index.php?rest_route=\/wp\/v2\/types\/page"}],"author":[{"embeddable":true,"href":"https:\/\/www.zootieraerzte.de\/index.php?rest_route=\/wp\/v2\/users\/1"}],"replies":[{"embeddable":true,"href":"https:\/\/www.zootieraerzte.de\/index.php?rest_route=%2Fwp%2Fv2%2Fcomments&post=11"}],"version-history":[{"count":16,"href":"https:\/\/www.zootieraerzte.de\/index.php?rest_route=\/wp\/v2\/pages\/11\/revisions"}],"predecessor-version":[{"id":1331,"href":"https:\/\/www.zootieraerzte.de\/index.php?rest_route=\/wp\/v2\/pages\/11\/revisions\/1331"}],"up":[{"embeddable":true,"href":"https:\/\/www.zootieraerzte.de\/index.php?rest_route=\/wp\/v2\/pages\/26"}],"wp:featuredmedia":[{"embeddable":true,"href":"https:\/\/www.zootieraerzte.de\/index.php?rest_route=\/wp\/v2\/media\/878"}],"wp:attachment":[{"href":"https:\/\/www.zootieraerzte.de\/index.php?rest_route=%2Fwp%2Fv2%2Fmedia&parent=11"}],"curies":[{"name":"wp","href":"https:\/\/api.w.org\/{rel}","templated":true}]}}