{"id":1072,"date":"2018-04-20T13:31:37","date_gmt":"2018-04-20T12:31:37","guid":{"rendered":"https:\/\/www.zootieraerzte.de\/?page_id=1072"},"modified":"2026-02-09T13:43:53","modified_gmt":"2026-02-09T12:43:53","slug":"organisation-des-vzt","status":"publish","type":"page","link":"https:\/\/www.zootieraerzte.de\/?page_id=1072","title":{"rendered":"Gut aufgestellt."},"content":{"rendered":"<p><strong>Unser Vorstand<\/strong><\/p>\n<hr \/>\n<div>\n<div><span style=\"font-family: Arial;\"><b>Dr. med. vet. Sven Hammer<\/b><\/span><\/div>\n<div><span style=\"font-family: Arial;\">Fachtierarzt f\u00fcr Zoo- und Wildtiere<\/span><\/div>\n<div><span style=\"font-family: Arial;\"><b>Vorstandsvorsitzender des Verbandes der Zootier\u00e4rzte (VZT)<\/b><\/span><\/div>\n<\/div>\n<div><span style=\"font-family: Arial;\">\u00a0<\/span><\/div>\n<div>\n<div><span style=\"font-family: Arial;\"><b>Dr. med. vet. Carsten Ludwig<\/b><\/span><\/div>\n<\/div>\n<div><span style=\"font-family: Arial;\">Fachtierarzt f\u00fcr Zoo- und Wildtiere<\/span><\/div>\n<div><span style=\"font-family: Arial;\"><b>1. Stellv. Vorsitzender des Verbandes der Zootier\u00e4rzte (VZT)<\/b><\/span><\/div>\n<div><span style=\"font-family: Arial;\">\u00a0<\/span><\/div>\n<div>\n<div>\n<div><span style=\"font-family: Arial;\"><b>Dr. med. vet.\u00a0Pia Krawinkel<\/b><\/span><\/div>\n<div><span style=\"font-family: Arial;\">Fachtier\u00e4rztin f\u00fcr Zoo- und Wildtiere<\/span><\/div>\n<\/div>\n<div><span style=\"font-family: Arial;\"><b>Schriftf\u00fchrerin des Verbandes der Zootier\u00e4rzte (VZT)<\/b><\/span><\/div>\n<\/div>\n<div><span style=\"font-family: Arial;\">\u00a0<\/span><\/div>\n<div>\n<div>\n<div><span style=\"font-family: Arial;\"><b>Dr. med. vet.\u00a0Nicole Schauerte<\/b><\/span><\/div>\n<div><span style=\"font-family: Arial;\">Fachtier\u00e4rztin f\u00fcr Zoo- und Wildtiere<\/span><\/div>\n<\/div>\n<div><span style=\"font-family: Arial;\"><b>Schatzmeisterin des Verbandes der Zootier\u00e4rzte (VZT)<\/b><\/span><\/div>\n<\/div>\n<div><span style=\"font-family: Arial;\">\u00a0<\/span><\/div>\n<div>\n<div>\n<div><span style=\"font-family: Arial;\"><b>T\u00c4 Anja Hantschmann<\/b><\/span><\/div>\n<\/div>\n<div><span style=\"font-family: Arial;\"><b>Vorstandsmitglied des Verbandes der Zootier\u00e4rzte (VZT)<\/b><\/span><\/div>\n<\/div>\n<div>\n<p><span style=\"font-family: Arial;\"><span style=\"font-family: Arial;\">\u00a0<\/span><\/span><\/p>\n<\/div>\n\n\n<hr class=\"wp-block-separator has-css-opacity\"\/>\n\n\n\n<div class=\"wp-block-file\"><a href=\"https:\/\/www.zootieraerzte.de\/wp-content\/uploads\/2022\/10\/VZT-Antragsformular.docx\" class=\"wp-block-file__button wp-element-button\" download>VZT-Mitgliedschaft beantragen<\/a><\/div>\n","protected":false},"excerpt":{"rendered":"<p>Unser Vorstand Dr. med. vet. Sven Hammer Fachtierarzt f\u00fcr Zoo- und Wildtiere Vorstandsvorsitzender des Verbandes der Zootier\u00e4rzte (VZT) \u00a0 Dr. med. vet. Carsten Ludwig Fachtierarzt f\u00fcr Zoo- und Wildtiere 1. Stellv. Vorsitzender des Verbandes der Zootier\u00e4rzte (VZT) \u00a0 Dr. med. vet.\u00a0Pia Krawinkel Fachtier\u00e4rztin f\u00fcr Zoo- und Wildtiere Schriftf\u00fchrerin des Verbandes der Zootier\u00e4rzte (VZT) \u00a0 Dr. [&hellip;]<\/p>\n","protected":false},"author":1,"featured_media":1104,"parent":0,"menu_order":0,"comment_status":"closed","ping_status":"closed","template":"","meta":{"_acf_changed":false,"om_disable_all_campaigns":false,"_monsterinsights_skip_tracking":false,"_monsterinsights_sitenote_active":false,"_monsterinsights_sitenote_note":"","_monsterinsights_sitenote_category":0,"footnotes":""},"class_list":["post-1072","page","type-page","status-publish","has-post-thumbnail","hentry"],"acf":[],"aioseo_notices":[],"_links":{"self":[{"href":"https:\/\/www.zootieraerzte.de\/index.php?rest_route=\/wp\/v2\/pages\/1072","targetHints":{"allow":["GET"]}}],"collection":[{"href":"https:\/\/www.zootieraerzte.de\/index.php?rest_route=\/wp\/v2\/pages"}],"about":[{"href":"https:\/\/www.zootieraerzte.de\/index.php?rest_route=\/wp\/v2\/types\/page"}],"author":[{"embeddable":true,"href":"https:\/\/www.zootieraerzte.de\/index.php?rest_route=\/wp\/v2\/users\/1"}],"replies":[{"embeddable":true,"href":"https:\/\/www.zootieraerzte.de\/index.php?rest_route=%2Fwp%2Fv2%2Fcomments&post=1072"}],"version-history":[{"count":35,"href":"https:\/\/www.zootieraerzte.de\/index.php?rest_route=\/wp\/v2\/pages\/1072\/revisions"}],"predecessor-version":[{"id":1545,"href":"https:\/\/www.zootieraerzte.de\/index.php?rest_route=\/wp\/v2\/pages\/1072\/revisions\/1545"}],"wp:featuredmedia":[{"embeddable":true,"href":"https:\/\/www.zootieraerzte.de\/index.php?rest_route=\/wp\/v2\/media\/1104"}],"wp:attachment":[{"href":"https:\/\/www.zootieraerzte.de\/index.php?rest_route=%2Fwp%2Fv2%2Fmedia&parent=1072"}],"curies":[{"name":"wp","href":"https:\/\/api.w.org\/{rel}","templated":true}]}}